{"id":8210,"date":"2024-02-14T13:53:12","date_gmt":"2024-02-14T11:53:12","guid":{"rendered":"https:\/\/ev.morek.eu\/?page_id=8210"},"modified":"2024-04-01T19:16:14","modified_gmt":"2024-04-01T17:16:14","slug":"jotallasi-problema-bejelentesi-urlap","status":"publish","type":"page","link":"https:\/\/ev.morek.eu\/hu\/jotallasi-problema-bejelentesi-urlap\/","title":{"rendered":"J\u00f3t\u00e1ll\u00e1si probl\u00e9ma bejelent\u00e9si \u0171rlap"},"content":{"rendered":"","protected":false},"excerpt":{"rendered":"","protected":false},"author":10,"featured_media":0,"parent":0,"menu_order":0,"comment_status":"closed","ping_status":"closed","template":"","meta":{"_acf_changed":false,"_uf_show_specific_survey":0,"_uf_disable_surveys":false,"footnotes":""},"class_list":["post-8210","page","type-page","status-publish","hentry"],"acf":[],"aioseo_notices":[],"_links":{"self":[{"href":"https:\/\/ev.morek.eu\/hu\/wp-json\/wp\/v2\/pages\/8210","targetHints":{"allow":["GET"]}}],"collection":[{"href":"https:\/\/ev.morek.eu\/hu\/wp-json\/wp\/v2\/pages"}],"about":[{"href":"https:\/\/ev.morek.eu\/hu\/wp-json\/wp\/v2\/types\/page"}],"author":[{"embeddable":true,"href":"https:\/\/ev.morek.eu\/hu\/wp-json\/wp\/v2\/users\/10"}],"replies":[{"embeddable":true,"href":"https:\/\/ev.morek.eu\/hu\/wp-json\/wp\/v2\/comments?post=8210"}],"version-history":[{"count":1,"href":"https:\/\/ev.morek.eu\/hu\/wp-json\/wp\/v2\/pages\/8210\/revisions"}],"predecessor-version":[{"id":8211,"href":"https:\/\/ev.morek.eu\/hu\/wp-json\/wp\/v2\/pages\/8210\/revisions\/8211"}],"wp:attachment":[{"href":"https:\/\/ev.morek.eu\/hu\/wp-json\/wp\/v2\/media?parent=8210"}],"curies":[{"name":"wp","href":"https:\/\/api.w.org\/{rel}","templated":true}]}}