{"id":15426,"date":"2025-01-08T15:05:07","date_gmt":"2025-01-08T13:05:07","guid":{"rendered":"https:\/\/ev.morek.eu\/products-morek-mobile-evc-charger-11-22-kw\/"},"modified":"2025-05-29T15:35:35","modified_gmt":"2025-05-29T13:35:35","slug":"products-morek-mobile-evc-charger-11-22-kw","status":"publish","type":"page","link":"https:\/\/ev.morek.eu\/hu\/products-morek-mobile-evc-charger-11-22-kw\/","title":{"rendered":"Products: Morek hordozhat\u00f3 11 kW-os EV t\u00f6lt\u0151adapter"},"content":{"rendered":"","protected":false},"excerpt":{"rendered":"","protected":false},"author":10,"featured_media":0,"parent":0,"menu_order":0,"comment_status":"closed","ping_status":"closed","template":"","meta":{"_acf_changed":false,"_uf_show_specific_survey":0,"_uf_disable_surveys":false,"footnotes":""},"class_list":["post-15426","page","type-page","status-publish","hentry"],"acf":[],"aioseo_notices":[],"_links":{"self":[{"href":"https:\/\/ev.morek.eu\/hu\/wp-json\/wp\/v2\/pages\/15426","targetHints":{"allow":["GET"]}}],"collection":[{"href":"https:\/\/ev.morek.eu\/hu\/wp-json\/wp\/v2\/pages"}],"about":[{"href":"https:\/\/ev.morek.eu\/hu\/wp-json\/wp\/v2\/types\/page"}],"author":[{"embeddable":true,"href":"https:\/\/ev.morek.eu\/hu\/wp-json\/wp\/v2\/users\/10"}],"replies":[{"embeddable":true,"href":"https:\/\/ev.morek.eu\/hu\/wp-json\/wp\/v2\/comments?post=15426"}],"version-history":[{"count":6,"href":"https:\/\/ev.morek.eu\/hu\/wp-json\/wp\/v2\/pages\/15426\/revisions"}],"predecessor-version":[{"id":15466,"href":"https:\/\/ev.morek.eu\/hu\/wp-json\/wp\/v2\/pages\/15426\/revisions\/15466"}],"wp:attachment":[{"href":"https:\/\/ev.morek.eu\/hu\/wp-json\/wp\/v2\/media?parent=15426"}],"curies":[{"name":"wp","href":"https:\/\/api.w.org\/{rel}","templated":true}]}}