{"id":15416,"date":"2025-01-04T17:54:18","date_gmt":"2025-01-04T15:54:18","guid":{"rendered":"https:\/\/ev.morek.eu\/ultra-fast-charging-stations-dc-480-960kw\/"},"modified":"2025-05-29T07:48:20","modified_gmt":"2025-05-29T05:48:20","slug":"ultra-fast-charging-stations-dc-480-960kw","status":"publish","type":"page","link":"https:\/\/ev.morek.eu\/hu\/ultra-fast-charging-stations-dc-480-960kw\/","title":{"rendered":"Products: Morek DC 480 kW-os m\u0171holdas t\u00f6lt\u0151k\u00f6zpont"},"content":{"rendered":"","protected":false},"excerpt":{"rendered":"","protected":false},"author":10,"featured_media":0,"parent":0,"menu_order":0,"comment_status":"closed","ping_status":"closed","template":"","meta":{"_acf_changed":false,"_uf_show_specific_survey":0,"_uf_disable_surveys":false,"footnotes":""},"class_list":["post-15416","page","type-page","status-publish","hentry"],"acf":[],"aioseo_notices":[],"_links":{"self":[{"href":"https:\/\/ev.morek.eu\/hu\/wp-json\/wp\/v2\/pages\/15416","targetHints":{"allow":["GET"]}}],"collection":[{"href":"https:\/\/ev.morek.eu\/hu\/wp-json\/wp\/v2\/pages"}],"about":[{"href":"https:\/\/ev.morek.eu\/hu\/wp-json\/wp\/v2\/types\/page"}],"author":[{"embeddable":true,"href":"https:\/\/ev.morek.eu\/hu\/wp-json\/wp\/v2\/users\/10"}],"replies":[{"embeddable":true,"href":"https:\/\/ev.morek.eu\/hu\/wp-json\/wp\/v2\/comments?post=15416"}],"version-history":[{"count":8,"href":"https:\/\/ev.morek.eu\/hu\/wp-json\/wp\/v2\/pages\/15416\/revisions"}],"predecessor-version":[{"id":15424,"href":"https:\/\/ev.morek.eu\/hu\/wp-json\/wp\/v2\/pages\/15416\/revisions\/15424"}],"wp:attachment":[{"href":"https:\/\/ev.morek.eu\/hu\/wp-json\/wp\/v2\/media?parent=15416"}],"curies":[{"name":"wp","href":"https:\/\/api.w.org\/{rel}","templated":true}]}}