{"id":7983,"date":"2024-02-14T13:53:12","date_gmt":"2024-02-14T11:53:12","guid":{"rendered":"https:\/\/ev.morek.eu\/?page_id=7983"},"modified":"2024-04-01T19:08:57","modified_gmt":"2024-04-01T17:08:57","slug":"formular-pro-hlaseni-zarucnich-problemu","status":"publish","type":"page","link":"https:\/\/ev.morek.eu\/cs\/formular-pro-hlaseni-zarucnich-problemu\/","title":{"rendered":"Formul\u00e1\u0159 pro hl\u00e1\u0161en\u00ed z\u00e1ru\u010dn\u00edch probl\u00e9m\u016f"},"content":{"rendered":"","protected":false},"excerpt":{"rendered":"","protected":false},"author":16,"featured_media":0,"parent":0,"menu_order":0,"comment_status":"closed","ping_status":"closed","template":"","meta":{"_acf_changed":false,"_uf_show_specific_survey":0,"_uf_disable_surveys":false,"footnotes":""},"class_list":["post-7983","page","type-page","status-publish","hentry"],"acf":[],"aioseo_notices":[],"_links":{"self":[{"href":"https:\/\/ev.morek.eu\/cs\/wp-json\/wp\/v2\/pages\/7983","targetHints":{"allow":["GET"]}}],"collection":[{"href":"https:\/\/ev.morek.eu\/cs\/wp-json\/wp\/v2\/pages"}],"about":[{"href":"https:\/\/ev.morek.eu\/cs\/wp-json\/wp\/v2\/types\/page"}],"author":[{"embeddable":true,"href":"https:\/\/ev.morek.eu\/cs\/wp-json\/wp\/v2\/users\/16"}],"replies":[{"embeddable":true,"href":"https:\/\/ev.morek.eu\/cs\/wp-json\/wp\/v2\/comments?post=7983"}],"version-history":[{"count":3,"href":"https:\/\/ev.morek.eu\/cs\/wp-json\/wp\/v2\/pages\/7983\/revisions"}],"predecessor-version":[{"id":8202,"href":"https:\/\/ev.morek.eu\/cs\/wp-json\/wp\/v2\/pages\/7983\/revisions\/8202"}],"wp:attachment":[{"href":"https:\/\/ev.morek.eu\/cs\/wp-json\/wp\/v2\/media?parent=7983"}],"curies":[{"name":"wp","href":"https:\/\/api.w.org\/{rel}","templated":true}]}}