{"id":4630,"date":"2023-05-22T09:01:22","date_gmt":"2023-05-22T07:01:22","guid":{"rendered":"https:\/\/ev.morek.eu\/form-sent\/"},"modified":"2024-02-08T11:08:27","modified_gmt":"2024-02-08T09:08:27","slug":"form-sent","status":"publish","type":"page","link":"https:\/\/ev.morek.eu\/cs\/form-sent\/","title":{"rendered":"Formul\u00e1\u0159 odesl\u00e1n"},"content":{"rendered":"","protected":false},"excerpt":{"rendered":"","protected":false},"author":1,"featured_media":0,"parent":0,"menu_order":0,"comment_status":"closed","ping_status":"closed","template":"template-form-thank-you.php","meta":{"_acf_changed":false,"_uf_show_specific_survey":0,"_uf_disable_surveys":false,"footnotes":""},"class_list":["post-4630","page","type-page","status-publish","hentry"],"acf":[],"aioseo_notices":[],"_links":{"self":[{"href":"https:\/\/ev.morek.eu\/cs\/wp-json\/wp\/v2\/pages\/4630","targetHints":{"allow":["GET"]}}],"collection":[{"href":"https:\/\/ev.morek.eu\/cs\/wp-json\/wp\/v2\/pages"}],"about":[{"href":"https:\/\/ev.morek.eu\/cs\/wp-json\/wp\/v2\/types\/page"}],"author":[{"embeddable":true,"href":"https:\/\/ev.morek.eu\/cs\/wp-json\/wp\/v2\/users\/1"}],"replies":[{"embeddable":true,"href":"https:\/\/ev.morek.eu\/cs\/wp-json\/wp\/v2\/comments?post=4630"}],"version-history":[{"count":3,"href":"https:\/\/ev.morek.eu\/cs\/wp-json\/wp\/v2\/pages\/4630\/revisions"}],"predecessor-version":[{"id":7345,"href":"https:\/\/ev.morek.eu\/cs\/wp-json\/wp\/v2\/pages\/4630\/revisions\/7345"}],"wp:attachment":[{"href":"https:\/\/ev.morek.eu\/cs\/wp-json\/wp\/v2\/media?parent=4630"}],"curies":[{"name":"wp","href":"https:\/\/api.w.org\/{rel}","templated":true}]}}