{"id":2780,"date":"2023-03-12T21:23:25","date_gmt":"2023-03-12T19:23:25","guid":{"rendered":"https:\/\/ev.morek.eu\/manuals\/"},"modified":"2024-09-05T13:38:35","modified_gmt":"2024-09-05T11:38:35","slug":"uzivatelske-navody","status":"publish","type":"page","link":"https:\/\/ev.morek.eu\/cs\/uzivatelske-navody\/","title":{"rendered":"U\u017eivatelsk\u00e9 n\u00e1vody"},"content":{"rendered":"","protected":false},"excerpt":{"rendered":"","protected":false},"author":2,"featured_media":0,"parent":0,"menu_order":0,"comment_status":"closed","ping_status":"closed","template":"","meta":{"_acf_changed":false,"_uf_show_specific_survey":0,"_uf_disable_surveys":false,"footnotes":""},"class_list":["post-2780","page","type-page","status-publish","hentry"],"acf":[],"aioseo_notices":[],"_links":{"self":[{"href":"https:\/\/ev.morek.eu\/cs\/wp-json\/wp\/v2\/pages\/2780","targetHints":{"allow":["GET"]}}],"collection":[{"href":"https:\/\/ev.morek.eu\/cs\/wp-json\/wp\/v2\/pages"}],"about":[{"href":"https:\/\/ev.morek.eu\/cs\/wp-json\/wp\/v2\/types\/page"}],"author":[{"embeddable":true,"href":"https:\/\/ev.morek.eu\/cs\/wp-json\/wp\/v2\/users\/2"}],"replies":[{"embeddable":true,"href":"https:\/\/ev.morek.eu\/cs\/wp-json\/wp\/v2\/comments?post=2780"}],"version-history":[{"count":17,"href":"https:\/\/ev.morek.eu\/cs\/wp-json\/wp\/v2\/pages\/2780\/revisions"}],"predecessor-version":[{"id":11235,"href":"https:\/\/ev.morek.eu\/cs\/wp-json\/wp\/v2\/pages\/2780\/revisions\/11235"}],"wp:attachment":[{"href":"https:\/\/ev.morek.eu\/cs\/wp-json\/wp\/v2\/media?parent=2780"}],"curies":[{"name":"wp","href":"https:\/\/api.w.org\/{rel}","templated":true}]}}